{"id":174,"date":"2023-04-04T10:58:07","date_gmt":"2023-04-04T08:58:07","guid":{"rendered":"http:\/\/biaitzkarrozeria.eus\/ibilgailuen-konponketa\/"},"modified":"2026-01-12T18:05:31","modified_gmt":"2026-01-12T16:05:31","slug":"reparacion-vehiculos","status":"publish","type":"page","link":"https:\/\/biaitzkarrozeria.eus\/es\/reparacion-vehiculos\/","title":{"rendered":"REPARACI\u00d3N DE VEH\u00cdCULOS"},"content":{"rendered":"<p>Te ofrecemos el mejor servicio en carrocer\u00eda y pintura. Realizamos una reparaci\u00f3n integral de los da\u00f1os ocasionados como consecuencia de los accidentes, desde los da\u00f1os est\u00e9ticos b\u00e1sicos como cambios de v\u00eddrio hasta da\u00f1os graves, ocasionados \u00e9stos por golpes que obligan a corregir la estructura del coche.<\/p>\n","protected":false},"excerpt":{"rendered":"<p>Te ofrecemos el mejor servicio en carrocer\u00eda y pintura. Realizamos una reparaci\u00f3n integral de los da\u00f1os ocasionados como consecuencia de los accidentes, desde los da\u00f1os est\u00e9ticos b\u00e1sicos como cambios de v\u00eddrio hasta da\u00f1os graves, ocasionados \u00e9stos por golpes que obligan a corregir la estructura del coche.<\/p>\n","protected":false},"author":1,"featured_media":0,"parent":0,"menu_order":0,"comment_status":"closed","ping_status":"closed","template":"template-servicios.php","meta":{"_acf_changed":false,"footnotes":""},"class_list":["post-174","page","type-page","status-publish","hentry"],"acf":[],"yoast_head":"<!-- This site is optimized with the Yoast SEO plugin v23.8 - https:\/\/yoast.com\/wordpress\/plugins\/seo\/ -->\n<title>BI-AITZ Karrozeria | Taller de reparaci\u00f3n de veh\u00edculos | Azpeitia<\/title>\n<meta name=\"description\" content=\"Reparaci\u00f3n de veh\u00edculos. Chapa, pintura, pulido de faros y sustituci\u00f3n de lunas. Servicio r\u00e1pido y tr\u00e1mites de seguros. Veh\u00edculo sustituci\u00f3n.\" \/>\n<meta name=\"robots\" content=\"index, follow, max-snippet:-1, max-image-preview:large, max-video-preview:-1\" \/>\n<link rel=\"canonical\" href=\"https:\/\/biaitzkarrozeria.eus\/es\/reparacion-vehiculos\/\" \/>\n<meta property=\"og:locale\" content=\"es_ES\" \/>\n<meta property=\"og:type\" content=\"article\" \/>\n<meta property=\"og:title\" content=\"BI-AITZ Karrozeria | Taller de reparaci\u00f3n de veh\u00edculos | Azpeitia\" \/>\n<meta property=\"og:description\" content=\"Reparaci\u00f3n de veh\u00edculos. Chapa, pintura, pulido de faros y sustituci\u00f3n de lunas. Servicio r\u00e1pido y tr\u00e1mites de seguros. Veh\u00edculo sustituci\u00f3n.\" \/>\n<meta property=\"og:url\" content=\"https:\/\/biaitzkarrozeria.eus\/es\/reparacion-vehiculos\/\" \/>\n<meta property=\"og:site_name\" content=\"Bi-Aitz Karrozeria\" \/>\n<meta property=\"article:modified_time\" content=\"2026-01-12T16:05:31+00:00\" \/>\n<meta name=\"twitter:card\" content=\"summary_large_image\" \/>\n<meta name=\"twitter:label1\" content=\"Tiempo de lectura\" \/>\n\t<meta name=\"twitter:data1\" content=\"1 minuto\" \/>\n<script type=\"application\/ld+json\" class=\"yoast-schema-graph\">{\"@context\":\"https:\/\/schema.org\",\"@graph\":[{\"@type\":\"WebPage\",\"@id\":\"https:\/\/biaitzkarrozeria.eus\/es\/reparacion-vehiculos\/\",\"url\":\"https:\/\/biaitzkarrozeria.eus\/es\/reparacion-vehiculos\/\",\"name\":\"BI-AITZ Karrozeria | Taller de reparaci\u00f3n de veh\u00edculos | Azpeitia\",\"isPartOf\":{\"@id\":\"https:\/\/biaitzkarrozeria.eus\/es\/#website\"},\"datePublished\":\"2023-04-04T08:58:07+00:00\",\"dateModified\":\"2026-01-12T16:05:31+00:00\",\"description\":\"Reparaci\u00f3n de veh\u00edculos. Chapa, pintura, pulido de faros y sustituci\u00f3n de lunas. Servicio r\u00e1pido y tr\u00e1mites de seguros. Veh\u00edculo sustituci\u00f3n.\",\"breadcrumb\":{\"@id\":\"https:\/\/biaitzkarrozeria.eus\/es\/reparacion-vehiculos\/#breadcrumb\"},\"inLanguage\":\"es\",\"potentialAction\":[{\"@type\":\"ReadAction\",\"target\":[\"https:\/\/biaitzkarrozeria.eus\/es\/reparacion-vehiculos\/\"]}]},{\"@type\":\"BreadcrumbList\",\"@id\":\"https:\/\/biaitzkarrozeria.eus\/es\/reparacion-vehiculos\/#breadcrumb\",\"itemListElement\":[{\"@type\":\"ListItem\",\"position\":1,\"name\":\"Home\",\"item\":\"https:\/\/biaitzkarrozeria.eus\/es\/\"},{\"@type\":\"ListItem\",\"position\":2,\"name\":\"REPARACI\u00d3N DE VEH\u00cdCULOS\"}]},{\"@type\":\"WebSite\",\"@id\":\"https:\/\/biaitzkarrozeria.eus\/es\/#website\",\"url\":\"https:\/\/biaitzkarrozeria.eus\/es\/\",\"name\":\"Bi-Aitz Karrozeria\",\"description\":\"Ibilgailuen txapa eta pintura konponketa\",\"publisher\":{\"@id\":\"https:\/\/biaitzkarrozeria.eus\/es\/#organization\"},\"potentialAction\":[{\"@type\":\"SearchAction\",\"target\":{\"@type\":\"EntryPoint\",\"urlTemplate\":\"https:\/\/biaitzkarrozeria.eus\/es\/?s={search_term_string}\"},\"query-input\":{\"@type\":\"PropertyValueSpecification\",\"valueRequired\":true,\"valueName\":\"search_term_string\"}}],\"inLanguage\":\"es\"},{\"@type\":\"Organization\",\"@id\":\"https:\/\/biaitzkarrozeria.eus\/es\/#organization\",\"name\":\"Bi-Aitz Karrozeria\",\"url\":\"https:\/\/biaitzkarrozeria.eus\/es\/\",\"logo\":{\"@type\":\"ImageObject\",\"inLanguage\":\"es\",\"@id\":\"https:\/\/biaitzkarrozeria.eus\/es\/#\/schema\/logo\/image\/\",\"url\":\"https:\/\/biaitzkarrozeria.eus\/wp-content\/uploads\/2023\/03\/favicon.png\",\"contentUrl\":\"https:\/\/biaitzkarrozeria.eus\/wp-content\/uploads\/2023\/03\/favicon.png\",\"width\":512,\"height\":512,\"caption\":\"Bi-Aitz Karrozeria\"},\"image\":{\"@id\":\"https:\/\/biaitzkarrozeria.eus\/es\/#\/schema\/logo\/image\/\"}}]}<\/script>\n<!-- \/ Yoast SEO plugin. -->","yoast_head_json":{"title":"BI-AITZ Karrozeria | Taller de reparaci\u00f3n de veh\u00edculos | Azpeitia","description":"Reparaci\u00f3n de veh\u00edculos. Chapa, pintura, pulido de faros y sustituci\u00f3n de lunas. Servicio r\u00e1pido y tr\u00e1mites de seguros. Veh\u00edculo sustituci\u00f3n.","robots":{"index":"index","follow":"follow","max-snippet":"max-snippet:-1","max-image-preview":"max-image-preview:large","max-video-preview":"max-video-preview:-1"},"canonical":"https:\/\/biaitzkarrozeria.eus\/es\/reparacion-vehiculos\/","og_locale":"es_ES","og_type":"article","og_title":"BI-AITZ Karrozeria | Taller de reparaci\u00f3n de veh\u00edculos | Azpeitia","og_description":"Reparaci\u00f3n de veh\u00edculos. Chapa, pintura, pulido de faros y sustituci\u00f3n de lunas. Servicio r\u00e1pido y tr\u00e1mites de seguros. Veh\u00edculo sustituci\u00f3n.","og_url":"https:\/\/biaitzkarrozeria.eus\/es\/reparacion-vehiculos\/","og_site_name":"Bi-Aitz Karrozeria","article_modified_time":"2026-01-12T16:05:31+00:00","twitter_card":"summary_large_image","twitter_misc":{"Tiempo de lectura":"1 minuto"},"schema":{"@context":"https:\/\/schema.org","@graph":[{"@type":"WebPage","@id":"https:\/\/biaitzkarrozeria.eus\/es\/reparacion-vehiculos\/","url":"https:\/\/biaitzkarrozeria.eus\/es\/reparacion-vehiculos\/","name":"BI-AITZ Karrozeria | Taller de reparaci\u00f3n de veh\u00edculos | Azpeitia","isPartOf":{"@id":"https:\/\/biaitzkarrozeria.eus\/es\/#website"},"datePublished":"2023-04-04T08:58:07+00:00","dateModified":"2026-01-12T16:05:31+00:00","description":"Reparaci\u00f3n de veh\u00edculos. Chapa, pintura, pulido de faros y sustituci\u00f3n de lunas. Servicio r\u00e1pido y tr\u00e1mites de seguros. Veh\u00edculo sustituci\u00f3n.","breadcrumb":{"@id":"https:\/\/biaitzkarrozeria.eus\/es\/reparacion-vehiculos\/#breadcrumb"},"inLanguage":"es","potentialAction":[{"@type":"ReadAction","target":["https:\/\/biaitzkarrozeria.eus\/es\/reparacion-vehiculos\/"]}]},{"@type":"BreadcrumbList","@id":"https:\/\/biaitzkarrozeria.eus\/es\/reparacion-vehiculos\/#breadcrumb","itemListElement":[{"@type":"ListItem","position":1,"name":"Home","item":"https:\/\/biaitzkarrozeria.eus\/es\/"},{"@type":"ListItem","position":2,"name":"REPARACI\u00d3N DE VEH\u00cdCULOS"}]},{"@type":"WebSite","@id":"https:\/\/biaitzkarrozeria.eus\/es\/#website","url":"https:\/\/biaitzkarrozeria.eus\/es\/","name":"Bi-Aitz Karrozeria","description":"Ibilgailuen txapa eta pintura konponketa","publisher":{"@id":"https:\/\/biaitzkarrozeria.eus\/es\/#organization"},"potentialAction":[{"@type":"SearchAction","target":{"@type":"EntryPoint","urlTemplate":"https:\/\/biaitzkarrozeria.eus\/es\/?s={search_term_string}"},"query-input":{"@type":"PropertyValueSpecification","valueRequired":true,"valueName":"search_term_string"}}],"inLanguage":"es"},{"@type":"Organization","@id":"https:\/\/biaitzkarrozeria.eus\/es\/#organization","name":"Bi-Aitz Karrozeria","url":"https:\/\/biaitzkarrozeria.eus\/es\/","logo":{"@type":"ImageObject","inLanguage":"es","@id":"https:\/\/biaitzkarrozeria.eus\/es\/#\/schema\/logo\/image\/","url":"https:\/\/biaitzkarrozeria.eus\/wp-content\/uploads\/2023\/03\/favicon.png","contentUrl":"https:\/\/biaitzkarrozeria.eus\/wp-content\/uploads\/2023\/03\/favicon.png","width":512,"height":512,"caption":"Bi-Aitz Karrozeria"},"image":{"@id":"https:\/\/biaitzkarrozeria.eus\/es\/#\/schema\/logo\/image\/"}}]}},"_links":{"self":[{"href":"https:\/\/biaitzkarrozeria.eus\/es\/wp-json\/wp\/v2\/pages\/174","targetHints":{"allow":["GET"]}}],"collection":[{"href":"https:\/\/biaitzkarrozeria.eus\/es\/wp-json\/wp\/v2\/pages"}],"about":[{"href":"https:\/\/biaitzkarrozeria.eus\/es\/wp-json\/wp\/v2\/types\/page"}],"author":[{"embeddable":true,"href":"https:\/\/biaitzkarrozeria.eus\/es\/wp-json\/wp\/v2\/users\/1"}],"replies":[{"embeddable":true,"href":"https:\/\/biaitzkarrozeria.eus\/es\/wp-json\/wp\/v2\/comments?post=174"}],"version-history":[{"count":9,"href":"https:\/\/biaitzkarrozeria.eus\/es\/wp-json\/wp\/v2\/pages\/174\/revisions"}],"predecessor-version":[{"id":246,"href":"https:\/\/biaitzkarrozeria.eus\/es\/wp-json\/wp\/v2\/pages\/174\/revisions\/246"}],"wp:attachment":[{"href":"https:\/\/biaitzkarrozeria.eus\/es\/wp-json\/wp\/v2\/media?parent=174"}],"curies":[{"name":"wp","href":"https:\/\/api.w.org\/{rel}","templated":true}]}}