{"id":163,"date":"2023-03-27T15:59:52","date_gmt":"2023-03-27T13:59:52","guid":{"rendered":"http:\/\/biaitzkarrozeria.eus\/?page_id=163"},"modified":"2024-04-04T09:13:57","modified_gmt":"2024-04-04T07:13:57","slug":"inicio","status":"publish","type":"page","link":"https:\/\/biaitzkarrozeria.eus\/es\/","title":{"rendered":"BI-AITZ CARROCER\u00cdA"},"content":{"rendered":"<p>Te ofrecemos el mejor servicio en carrocer\u00eda y pintura. Realizamos una <a href=\"\/es\/ibilgailuen-konponketa\/\">reparaci\u00f3n de veh\u00edculos<\/a> integral de los da\u00f1os ocasionados como consecuencia de los accidentes, desde los da\u00f1os est\u00e9ticos b\u00e1sicos como cambios de v\u00eddrios hasta da\u00f1os graves ocasionados por grandes golpes que obligan a corregir la estructura del coche.<\/p>\n","protected":false},"excerpt":{"rendered":"<p>Te ofrecemos el mejor servicio en carrocer\u00eda y pintura. Realizamos una reparaci\u00f3n de veh\u00edculos integral de los da\u00f1os ocasionados como consecuencia de los accidentes, desde los da\u00f1os est\u00e9ticos b\u00e1sicos como cambios de v\u00eddrios hasta da\u00f1os graves ocasionados por grandes golpes que obligan a corregir la estructura del coche.<\/p>\n","protected":false},"author":1,"featured_media":0,"parent":0,"menu_order":0,"comment_status":"closed","ping_status":"closed","template":"template-homepage.php","meta":{"_acf_changed":false,"footnotes":""},"class_list":["post-163","page","type-page","status-publish","hentry"],"acf":[],"yoast_head":"<!-- This site is optimized with the Yoast SEO plugin v23.8 - https:\/\/yoast.com\/wordpress\/plugins\/seo\/ -->\n<title>Bi-Aitz Karrozeria | Taller Reparaci\u00f3n Chapa y Pintura | Azpeitia<\/title>\n<meta name=\"description\" content=\"M\u00e1s de 40 a\u00f1os reparando veh\u00edculos. Servicios de reparaci\u00f3n en chapa y pintura, sustituci\u00f3n de lunas, pulido de faros. Vveh\u00edculo de repuesto.\" \/>\n<meta name=\"robots\" content=\"index, follow, max-snippet:-1, max-image-preview:large, max-video-preview:-1\" \/>\n<link rel=\"canonical\" href=\"https:\/\/biaitzkarrozeria.eus\/es\/\" \/>\n<meta property=\"og:locale\" content=\"es_ES\" \/>\n<meta property=\"og:type\" content=\"article\" \/>\n<meta property=\"og:title\" content=\"Bi-Aitz Karrozeria | Taller Reparaci\u00f3n Chapa y Pintura | Azpeitia\" \/>\n<meta property=\"og:description\" content=\"M\u00e1s de 40 a\u00f1os reparando veh\u00edculos. Servicios de reparaci\u00f3n en chapa y pintura, sustituci\u00f3n de lunas, pulido de faros. Vveh\u00edculo de repuesto.\" \/>\n<meta property=\"og:url\" content=\"https:\/\/biaitzkarrozeria.eus\/es\/\" \/>\n<meta property=\"og:site_name\" content=\"Bi-Aitz Karrozeria\" \/>\n<meta property=\"article:modified_time\" content=\"2024-04-04T07:13:57+00:00\" \/>\n<meta name=\"twitter:card\" content=\"summary_large_image\" \/>\n<meta name=\"twitter:label1\" content=\"Tiempo de lectura\" \/>\n\t<meta name=\"twitter:data1\" content=\"1 minuto\" \/>\n<script type=\"application\/ld+json\" class=\"yoast-schema-graph\">{\"@context\":\"https:\/\/schema.org\",\"@graph\":[{\"@type\":\"WebPage\",\"@id\":\"https:\/\/biaitzkarrozeria.eus\/es\/\",\"url\":\"https:\/\/biaitzkarrozeria.eus\/es\/\",\"name\":\"Bi-Aitz Karrozeria | Taller Reparaci\u00f3n Chapa y Pintura | Azpeitia\",\"isPartOf\":{\"@id\":\"https:\/\/biaitzkarrozeria.eus\/es\/#website\"},\"datePublished\":\"2023-03-27T13:59:52+00:00\",\"dateModified\":\"2024-04-04T07:13:57+00:00\",\"description\":\"M\u00e1s de 40 a\u00f1os reparando veh\u00edculos. Servicios de reparaci\u00f3n en chapa y pintura, sustituci\u00f3n de lunas, pulido de faros. Vveh\u00edculo de repuesto.\",\"breadcrumb\":{\"@id\":\"https:\/\/biaitzkarrozeria.eus\/es\/#breadcrumb\"},\"inLanguage\":\"es\",\"potentialAction\":[{\"@type\":\"ReadAction\",\"target\":[\"https:\/\/biaitzkarrozeria.eus\/es\/\"]}]},{\"@type\":\"BreadcrumbList\",\"@id\":\"https:\/\/biaitzkarrozeria.eus\/es\/#breadcrumb\",\"itemListElement\":[{\"@type\":\"ListItem\",\"position\":1,\"name\":\"Home\",\"item\":\"https:\/\/biaitzkarrozeria.eus\/es\/\"},{\"@type\":\"ListItem\",\"position\":2,\"name\":\"BI-AITZ CARROCER\u00cdA\"}]},{\"@type\":\"WebSite\",\"@id\":\"https:\/\/biaitzkarrozeria.eus\/es\/#website\",\"url\":\"https:\/\/biaitzkarrozeria.eus\/es\/\",\"name\":\"Bi-Aitz Karrozeria\",\"description\":\"Ibilgailuen txapa eta pintura konponketa\",\"publisher\":{\"@id\":\"https:\/\/biaitzkarrozeria.eus\/es\/#organization\"},\"potentialAction\":[{\"@type\":\"SearchAction\",\"target\":{\"@type\":\"EntryPoint\",\"urlTemplate\":\"https:\/\/biaitzkarrozeria.eus\/es\/?s={search_term_string}\"},\"query-input\":{\"@type\":\"PropertyValueSpecification\",\"valueRequired\":true,\"valueName\":\"search_term_string\"}}],\"inLanguage\":\"es\"},{\"@type\":\"Organization\",\"@id\":\"https:\/\/biaitzkarrozeria.eus\/es\/#organization\",\"name\":\"Bi-Aitz Karrozeria\",\"url\":\"https:\/\/biaitzkarrozeria.eus\/es\/\",\"logo\":{\"@type\":\"ImageObject\",\"inLanguage\":\"es\",\"@id\":\"https:\/\/biaitzkarrozeria.eus\/es\/#\/schema\/logo\/image\/\",\"url\":\"https:\/\/biaitzkarrozeria.eus\/wp-content\/uploads\/2023\/03\/favicon.png\",\"contentUrl\":\"https:\/\/biaitzkarrozeria.eus\/wp-content\/uploads\/2023\/03\/favicon.png\",\"width\":512,\"height\":512,\"caption\":\"Bi-Aitz Karrozeria\"},\"image\":{\"@id\":\"https:\/\/biaitzkarrozeria.eus\/es\/#\/schema\/logo\/image\/\"}}]}<\/script>\n<!-- \/ Yoast SEO plugin. -->","yoast_head_json":{"title":"Bi-Aitz Karrozeria | Taller Reparaci\u00f3n Chapa y Pintura | Azpeitia","description":"M\u00e1s de 40 a\u00f1os reparando veh\u00edculos. Servicios de reparaci\u00f3n en chapa y pintura, sustituci\u00f3n de lunas, pulido de faros. Vveh\u00edculo de repuesto.","robots":{"index":"index","follow":"follow","max-snippet":"max-snippet:-1","max-image-preview":"max-image-preview:large","max-video-preview":"max-video-preview:-1"},"canonical":"https:\/\/biaitzkarrozeria.eus\/es\/","og_locale":"es_ES","og_type":"article","og_title":"Bi-Aitz Karrozeria | Taller Reparaci\u00f3n Chapa y Pintura | Azpeitia","og_description":"M\u00e1s de 40 a\u00f1os reparando veh\u00edculos. Servicios de reparaci\u00f3n en chapa y pintura, sustituci\u00f3n de lunas, pulido de faros. Vveh\u00edculo de repuesto.","og_url":"https:\/\/biaitzkarrozeria.eus\/es\/","og_site_name":"Bi-Aitz Karrozeria","article_modified_time":"2024-04-04T07:13:57+00:00","twitter_card":"summary_large_image","twitter_misc":{"Tiempo de lectura":"1 minuto"},"schema":{"@context":"https:\/\/schema.org","@graph":[{"@type":"WebPage","@id":"https:\/\/biaitzkarrozeria.eus\/es\/","url":"https:\/\/biaitzkarrozeria.eus\/es\/","name":"Bi-Aitz Karrozeria | Taller Reparaci\u00f3n Chapa y Pintura | Azpeitia","isPartOf":{"@id":"https:\/\/biaitzkarrozeria.eus\/es\/#website"},"datePublished":"2023-03-27T13:59:52+00:00","dateModified":"2024-04-04T07:13:57+00:00","description":"M\u00e1s de 40 a\u00f1os reparando veh\u00edculos. Servicios de reparaci\u00f3n en chapa y pintura, sustituci\u00f3n de lunas, pulido de faros. Vveh\u00edculo de repuesto.","breadcrumb":{"@id":"https:\/\/biaitzkarrozeria.eus\/es\/#breadcrumb"},"inLanguage":"es","potentialAction":[{"@type":"ReadAction","target":["https:\/\/biaitzkarrozeria.eus\/es\/"]}]},{"@type":"BreadcrumbList","@id":"https:\/\/biaitzkarrozeria.eus\/es\/#breadcrumb","itemListElement":[{"@type":"ListItem","position":1,"name":"Home","item":"https:\/\/biaitzkarrozeria.eus\/es\/"},{"@type":"ListItem","position":2,"name":"BI-AITZ CARROCER\u00cdA"}]},{"@type":"WebSite","@id":"https:\/\/biaitzkarrozeria.eus\/es\/#website","url":"https:\/\/biaitzkarrozeria.eus\/es\/","name":"Bi-Aitz Karrozeria","description":"Ibilgailuen txapa eta pintura konponketa","publisher":{"@id":"https:\/\/biaitzkarrozeria.eus\/es\/#organization"},"potentialAction":[{"@type":"SearchAction","target":{"@type":"EntryPoint","urlTemplate":"https:\/\/biaitzkarrozeria.eus\/es\/?s={search_term_string}"},"query-input":{"@type":"PropertyValueSpecification","valueRequired":true,"valueName":"search_term_string"}}],"inLanguage":"es"},{"@type":"Organization","@id":"https:\/\/biaitzkarrozeria.eus\/es\/#organization","name":"Bi-Aitz Karrozeria","url":"https:\/\/biaitzkarrozeria.eus\/es\/","logo":{"@type":"ImageObject","inLanguage":"es","@id":"https:\/\/biaitzkarrozeria.eus\/es\/#\/schema\/logo\/image\/","url":"https:\/\/biaitzkarrozeria.eus\/wp-content\/uploads\/2023\/03\/favicon.png","contentUrl":"https:\/\/biaitzkarrozeria.eus\/wp-content\/uploads\/2023\/03\/favicon.png","width":512,"height":512,"caption":"Bi-Aitz Karrozeria"},"image":{"@id":"https:\/\/biaitzkarrozeria.eus\/es\/#\/schema\/logo\/image\/"}}]}},"_links":{"self":[{"href":"https:\/\/biaitzkarrozeria.eus\/es\/wp-json\/wp\/v2\/pages\/163","targetHints":{"allow":["GET"]}}],"collection":[{"href":"https:\/\/biaitzkarrozeria.eus\/es\/wp-json\/wp\/v2\/pages"}],"about":[{"href":"https:\/\/biaitzkarrozeria.eus\/es\/wp-json\/wp\/v2\/types\/page"}],"author":[{"embeddable":true,"href":"https:\/\/biaitzkarrozeria.eus\/es\/wp-json\/wp\/v2\/users\/1"}],"replies":[{"embeddable":true,"href":"https:\/\/biaitzkarrozeria.eus\/es\/wp-json\/wp\/v2\/comments?post=163"}],"version-history":[{"count":14,"href":"https:\/\/biaitzkarrozeria.eus\/es\/wp-json\/wp\/v2\/pages\/163\/revisions"}],"predecessor-version":[{"id":244,"href":"https:\/\/biaitzkarrozeria.eus\/es\/wp-json\/wp\/v2\/pages\/163\/revisions\/244"}],"wp:attachment":[{"href":"https:\/\/biaitzkarrozeria.eus\/es\/wp-json\/wp\/v2\/media?parent=163"}],"curies":[{"name":"wp","href":"https:\/\/api.w.org\/{rel}","templated":true}]}}